{"id":26,"date":"2020-03-21T18:17:26","date_gmt":"2020-03-21T18:17:26","guid":{"rendered":"http:\/\/astraecologica.it\/?page_id=26"},"modified":"2020-07-06T16:47:28","modified_gmt":"2020-07-06T16:47:28","slug":"informazioni-utili","status":"publish","type":"page","link":"https:\/\/astraecologica.it\/?page_id=26","title":{"rendered":"Informazioni Utili"},"content":{"rendered":"\r\n<p class=\"has-text-align-center\" style=\"font-size: 30px;\"><img loading=\"lazy\" decoding=\"async\" width=\"70\" height=\"70\" class=\"wp-image-27\" style=\"width: 70px;\" src=\"http:\/\/astraecologica.it\/wp-content\/uploads\/2020\/03\/utente-privato.png\" alt=\"\" \/> <strong>Utenti Privati<\/strong><\/p>\r\n\r\n\r\n\r\n<p><em>Si avvisano i Signori\u00a0<strong>cittadini, residenti o domiciliati nei Comuni con noi convenzionati<\/strong> per consentire loro l\u2019accesso diretto al nostro impianto, che quest\u2019ultimo resta disponibile ad accettare i loro rifiuti domestici, costituiti da ingombranti e da apparecchiature elettriche ed elettroniche, <span style=\"color: #ff0000;\"><strong>previa prenotazione al numero 0776.510.046.<\/strong><\/span><\/em><\/p>\r\n\r\n\r\n\r\n<p><em>Per rifiuti ingombranti si intendono rifiuti non pericolosi costituiti da oggetti di uso domestico distinti da parti degli immobili, e che, per caratteristiche funzionali, per dimensioni e per forme dei beni scartati, non possono essere ritirati dal servizio pubblico di raccolta differenziata se si trovano all\u2019interno di una delle frazioni che dovrebbero essere formate esclusivamente con imballaggi usati, oppure nella frazione del residuo secco (cd. indifferenziato). Tra i rifiuti ingombranti possono essere presenti, in particolare, strumenti (che non siano apparecchiature elettriche ed elettroniche) e beni mobili di scarto, mentre non possono essere inclusi materiali e componenti da attivit\u00e0 edili (costruzione\/demolizione\/ristrutturazione).<\/em><\/p>\r\n\r\n\r\n\r\n<p><em>Restiamo disponibili a fornire chiarimenti su rifiuti conferibili e su provenienze ammesse in riferimento ai Comuni convenzionati.<\/em><\/p>\r\n\r\n\r\n\r\n<p><em>L\u2019accettazione di detti rifiuti \u00e8 condizionata a) alla possibilit\u00e0 di verificare l\u2019identit\u00e0 dei soggetti conferenti, i quali a tale scopo sono tenuti ad esibire all\u2019ingresso proprio documento di riconoscimento ed a comunicare proprio codice fiscale, b) all\u2019acquisizione di una dichiarazione di responsabilit\u00e0 da parte dei soggetti conferenti, utilizzando un modulo predisposto dalla nostra azienda, finalizzata ad attestare la provenienza dei rifiuti conferiti.<\/em><\/p>\r\n\r\n\r\n\r\n<p><em>A tutela della sicurezza di utenti, operatori e mezzi presenti in stabilimento, i Signori cittadini sono tenuti a rispettare le norme indicate sui cartelli affissi in situ e comunicate verbalmente dal responsabile dell\u2019accettazione per l\u2019accesso, per il transito e per la permanenza; in particolare, \u00e8 vietato accedere alle aree produttive senza essere prima passati per l\u2019ufficio accettazione ed in mancanza dell\u2019ottenimento di autorizzazione espressamente rilasciata da detto ufficio.<\/em><\/p>\r\n\r\n\r\n\r\n<p class=\"has-text-color has-background has-vivid-red-color has-very-light-gray-background-color\"><strong>Spett.le visitatore \/ cittadino<br \/><\/strong>Allo scopo di ridurre i rischi da contagio CoVid-19, <strong>programmiamo gli ingressi dei visitatori \/cittadini su prenotazione tramite n\u00b0 tel. 0776\/510046<\/strong>, e l\u2019accesso sar\u00e0 vincolato alle seguenti regole:<\/p>\r\n\r\n\r\n\r\n<ul class=\"wp-block-list\">\r\n<li>rinunciare ad entrare in stabilimento qualora si sia sottoposti a <strong>quarantena<\/strong>, si risulti <strong>positivi al CoVid-19<\/strong>, si abbiano <strong>febbre e\/o altri sintomi influenzali<\/strong>, o si sia stati a contatto diretto con persone risultate positive al CoVid-19 nei 14 giorni precedenti;<\/li>\r\n<li>sottoscrivere una <strong>dichiarazione sull\u2019assenza dei motivi ostativi all\u2019ingresso sopra indicati<\/strong>;<\/li>\r\n<li>accettare di essere eventualmente sottoposti all\u2019eventuale <strong>misurazione della temperatura corporea<\/strong>;<\/li>\r\n<li>rivolgersi innanzitutto, all\u2019ingresso dello stabilimento, al Servizio accettazioni per <strong>ottenere autorizzazione ed istruzioni\/indicazioni operative per accedere<\/strong>;<\/li>\r\n<li><strong>scambiare informazioni verbali e documenti con il Servizio accettazioni attraverso la finestra del locale nel quale lo stesso \u00e8 ubicato<\/strong>;<\/li>\r\n<li>entrare in stabilimento muniti di <strong>mascherine<\/strong>;<\/li>\r\n<li>limitarsi agli spostamenti, a bordo di veicolo o a piedi, strettamente necessari allo svolgimento dell\u2019attivit\u00e0 per la quale si \u00e8 entrati in stabilimento;<\/li>\r\n<li><strong>non avvicinarsi, a meno di 1,5 m, a nessuno dei presenti in stabilimento<\/strong>.<\/li>\r\n<\/ul>\r\n\r\n\r\n\r\n<p>Grazie della collaborazione<\/p>\r\n\r\n\r\n\r\n<p class=\"has-text-align-center\" style=\"font-size: 30px;\"><img loading=\"lazy\" decoding=\"async\" width=\"60\" height=\"78\" class=\"wp-image-28\" style=\"width: 60px;\" src=\"http:\/\/astraecologica.it\/wp-content\/uploads\/2020\/03\/utente-business.png\" alt=\"\" \/> <strong>Operatori Professionali<\/strong><\/p>\r\n\r\n\r\n\r\n<p><em>Si avvisano gli operatori professionali che il ns. impianto \u00e8 aperto per conferimenti e per ritiri di rifiuti e di materiali dal luned\u00ec al venerd\u00ec, nelle fasce orarie dalle 8:00 alle 13:15 e dalle 14:30 alle 17:00.<\/em><\/p>\r\n\r\n\r\n\r\n<p class=\"has-text-align-center\" style=\"font-size: 30px;\"><img loading=\"lazy\" decoding=\"async\" width=\"40\" height=\"40\" class=\"wp-image-29\" style=\"width: 40px;\" src=\"http:\/\/astraecologica.it\/wp-content\/uploads\/2020\/03\/collegamento.png\" alt=\"\" \/> <strong>Collegamenti Utili<\/strong><\/p>\r\n\r\n\r\n\r\n<ul class=\"wp-block-list\">\r\n<li><strong><a href=\"http:\/\/www.corepla.it\/cosa-si-mette-nella-raccolta-differenziata\" target=\"_blank\" rel=\"noreferrer noopener\">Come fare la raccolta differenziata<\/a><\/strong><\/li>\r\n<li><strong><a href=\"http:\/\/www.coreve.it\/showPage.php?template=cittadini&amp;id=2\" target=\"_blank\" rel=\"noreferrer noopener\">Riciclare il vetro<\/a><\/strong><\/li>\r\n<li><strong><a href=\"http:\/\/www.consorzioricrea.org\/pages\/guida_al_riciclo\" target=\"_blank\" rel=\"noreferrer noopener\">Guida al Riciclo dell\u2019Acciaio<\/a><\/strong><\/li>\r\n<li><strong><a href=\"http:\/\/www.cial.it\/raccolta-differenziata-alluminio\/\" target=\"_blank\" rel=\"noreferrer noopener\">Alluminio: La Raccolta Differenziata<\/a><\/strong><\/li>\r\n<\/ul>\r\n\r\n\r\n\r\n<p>&nbsp;<\/p>\r\n","protected":false},"excerpt":{"rendered":"<p>Utenti Privati Si avvisano i Signori\u00a0cittadini, residenti o domiciliati nei Comuni con noi convenzionati per consentire loro l\u2019accesso diretto al nostro impianto, che quest\u2019ultimo resta disponibile ad accettare i loro rifiuti domestici, costituiti da ingombranti e da apparecchiature elettriche ed elettroniche, previa prenotazione al numero 0776.510.046. Per rifiuti ingombranti si intendono rifiuti non pericolosi costituiti [&hellip;]<\/p>\n","protected":false},"author":1,"featured_media":0,"parent":0,"menu_order":0,"comment_status":"closed","ping_status":"closed","template":"","meta":{"footnotes":""},"class_list":["post-26","page","type-page","status-publish","hentry"],"_links":{"self":[{"href":"https:\/\/astraecologica.it\/index.php?rest_route=\/wp\/v2\/pages\/26","targetHints":{"allow":["GET"]}}],"collection":[{"href":"https:\/\/astraecologica.it\/index.php?rest_route=\/wp\/v2\/pages"}],"about":[{"href":"https:\/\/astraecologica.it\/index.php?rest_route=\/wp\/v2\/types\/page"}],"author":[{"embeddable":true,"href":"https:\/\/astraecologica.it\/index.php?rest_route=\/wp\/v2\/users\/1"}],"replies":[{"embeddable":true,"href":"https:\/\/astraecologica.it\/index.php?rest_route=%2Fwp%2Fv2%2Fcomments&post=26"}],"version-history":[{"count":7,"href":"https:\/\/astraecologica.it\/index.php?rest_route=\/wp\/v2\/pages\/26\/revisions"}],"predecessor-version":[{"id":143,"href":"https:\/\/astraecologica.it\/index.php?rest_route=\/wp\/v2\/pages\/26\/revisions\/143"}],"wp:attachment":[{"href":"https:\/\/astraecologica.it\/index.php?rest_route=%2Fwp%2Fv2%2Fmedia&parent=26"}],"curies":[{"name":"wp","href":"https:\/\/api.w.org\/{rel}","templated":true}]}}